{"id":83,"date":"2020-10-21T08:38:54","date_gmt":"2020-10-21T08:38:54","guid":{"rendered":"https:\/\/modernform.com.vn\/?page_id=83"},"modified":"2025-06-17T23:11:08","modified_gmt":"2025-06-17T16:11:08","slug":"gioi-thieu","status":"publish","type":"page","link":"https:\/\/modernform.com.vn\/vi\/gioi-thieu","title":{"rendered":"Gi\u1edbi thi\u1ec7u"},"content":{"rendered":"<p>T\u1ea1i Modernform, ch\u00fang t\u00f4i coi thi\u1ebft k\u1ebf n\u1ed9i th\u1ea5t l\u00e0 m\u1ed9t ngh\u1ec7 thu\u1eadt k\u1ec3 chuy\u1ec7n, n\u01a1i m\u1ed7i chi ti\u1ebft v\u00e0 y\u1ebfu t\u1ed1 kh\u00f4ng gian \u0111\u1ec1u mang \u00fd ngh\u0129a ri\u00eang. S\u1ee9 m\u1ec7nh c\u1ee7a ch\u00fang t\u00f4i l\u00e0 n\u00e2ng t\u1ea7m m\u00f4i tr\u01b0\u1eddng s\u1ed1ng c\u1ee7a b\u1ea1n, t\u1ea1o n\u00ean nh\u1eefng kh\u00f4ng gian ph\u1ea3n \u00e1nh ch\u00e2n th\u1ef1c c\u00e1 t\u00ednh v\u00e0 c\u00e2u chuy\u1ec7n c\u1ee7a ri\u00eang b\u1ea1n. V\u1edbi ch\u00fang t\u00f4i, thi\u1ebft k\u1ebf kh\u00f4ng ch\u1ec9 d\u1eebng l\u1ea1i \u1edf t\u00ednh th\u1ea9m m\u1ef9 m\u00e0 c\u00f2n l\u00e0 vi\u1ec7c ki\u1ebfn t\u1ea1o m\u1ed9t b\u1ea7u kh\u00f4ng kh\u00ed h\u00e0i h\u00f2a, g\u00f3p ph\u1ea7n n\u00e2ng cao ch\u1ea5t l\u01b0\u1ee3ng cu\u1ed9c s\u1ed1ng c\u1ee7a b\u1ea1n.<\/p>\n","protected":false},"excerpt":{"rendered":"<p>T\u1ea1i Modernform, ch\u00fang t\u00f4i coi thi\u1ebft k\u1ebf n\u1ed9i th\u1ea5t l\u00e0 m\u1ed9t ngh\u1ec7 thu\u1eadt k\u1ec3 chuy\u1ec7n, n\u01a1i m\u1ed7i chi ti\u1ebft v\u00e0 y\u1ebfu t\u1ed1 kh\u00f4ng gian \u0111\u1ec1u mang \u00fd ngh\u0129a ri\u00eang. S\u1ee9 m\u1ec7nh c\u1ee7a ch\u00fang t\u00f4i l\u00e0 n\u00e2ng t\u1ea7m m\u00f4i tr\u01b0\u1eddng s\u1ed1ng c\u1ee7a b\u1ea1n, t\u1ea1o n\u00ean nh\u1eefng kh\u00f4ng gian ph\u1ea3n \u00e1nh ch\u00e2n th\u1ef1c c\u00e1 t\u00ednh v\u00e0 c\u00e2u [&hellip;]<\/p>\n","protected":false},"author":4,"featured_media":765,"parent":0,"menu_order":0,"comment_status":"closed","ping_status":"closed","template":"templates\/page-about.php","meta":{"_acf_changed":false,"footnotes":""},"class_list":["post-83","page","type-page","status-publish","has-post-thumbnail","hentry"],"acf":[],"yoast_head":"<title>Gi\u1edbi thi\u1ec7u - ModernForm<\/title>\n<meta name=\"description\" content=\"T\u1ea1i Modernform, ch\u00fang t\u00f4i coi thi\u1ebft k\u1ebf n\u1ed9i th\u1ea5t l\u00e0 m\u1ed9t ngh\u1ec7 thu\u1eadt k\u1ec3 chuy\u1ec7n, n\u01a1i m\u1ed7i chi ti\u1ebft v\u00e0 y\u1ebfu t\u1ed1 kh\u00f4ng gian \u0111\u1ec1u mang \u00fd ngh\u0129a ri\u00eang. S\u1ee9 m\u1ec7nh c\u1ee7a\" \/>\n<meta name=\"robots\" content=\"index, follow, max-snippet:-1, max-image-preview:large, max-video-preview:-1\" \/>\n<link rel=\"canonical\" href=\"https:\/\/modernform.com.vn\/vi\/gioi-thieu\" \/>\n<meta property=\"og:locale\" content=\"vi_VN\" \/>\n<meta property=\"og:type\" content=\"article\" \/>\n<meta property=\"og:title\" content=\"Gi\u1edbi thi\u1ec7u - ModernForm\" \/>\n<meta property=\"og:description\" content=\"T\u1ea1i Modernform, ch\u00fang t\u00f4i coi thi\u1ebft k\u1ebf n\u1ed9i th\u1ea5t l\u00e0 m\u1ed9t ngh\u1ec7 thu\u1eadt k\u1ec3 chuy\u1ec7n, n\u01a1i m\u1ed7i chi ti\u1ebft v\u00e0 y\u1ebfu t\u1ed1 kh\u00f4ng gian \u0111\u1ec1u mang \u00fd ngh\u0129a ri\u00eang. S\u1ee9 m\u1ec7nh c\u1ee7a\" \/>\n<meta property=\"og:url\" content=\"https:\/\/modernform.com.vn\/vi\/gioi-thieu\" \/>\n<meta property=\"og:site_name\" content=\"ModernForm\" \/>\n<meta property=\"article:modified_time\" content=\"2025-06-17T16:11:08+00:00\" \/>\n<meta property=\"og:image\" content=\"https:\/\/modernform.com.vn\/wp-content\/uploads\/2021\/03\/1-1.jpg\" \/>\n\t<meta property=\"og:image:width\" content=\"1380\" \/>\n\t<meta property=\"og:image:height\" content=\"504\" \/>\n\t<meta property=\"og:image:type\" content=\"image\/jpeg\" \/>\n<meta name=\"twitter:card\" content=\"summary_large_image\" \/>\n<meta name=\"twitter:label1\" content=\"Est. reading time\" \/>\n\t<meta name=\"twitter:data1\" content=\"1 minute\" \/>\n<script type=\"application\/ld+json\" class=\"yoast-schema-graph\">{\"@context\":\"https:\/\/schema.org\",\"@graph\":[{\"@type\":\"WebPage\",\"@id\":\"https:\/\/modernform.com.vn\/vi\/gioi-thieu\",\"url\":\"https:\/\/modernform.com.vn\/vi\/gioi-thieu\",\"name\":\"Gi\u1edbi thi\u1ec7u - ModernForm\",\"isPartOf\":{\"@id\":\"https:\/\/modernform.com.vn\/#website\"},\"primaryImageOfPage\":{\"@id\":\"https:\/\/modernform.com.vn\/vi\/gioi-thieu#primaryimage\"},\"image\":{\"@id\":\"https:\/\/modernform.com.vn\/vi\/gioi-thieu#primaryimage\"},\"thumbnailUrl\":\"https:\/\/modernform.com.vn\/wp-content\/uploads\/2021\/03\/1-1.jpg\",\"datePublished\":\"2020-10-21T08:38:54+00:00\",\"dateModified\":\"2025-06-17T16:11:08+00:00\",\"description\":\"T\u1ea1i Modernform, ch\u00fang t\u00f4i coi thi\u1ebft k\u1ebf n\u1ed9i th\u1ea5t l\u00e0 m\u1ed9t ngh\u1ec7 thu\u1eadt k\u1ec3 chuy\u1ec7n, n\u01a1i m\u1ed7i chi ti\u1ebft v\u00e0 y\u1ebfu t\u1ed1 kh\u00f4ng gian \u0111\u1ec1u mang \u00fd ngh\u0129a ri\u00eang. S\u1ee9 m\u1ec7nh c\u1ee7a\",\"inLanguage\":\"vi-VN\",\"potentialAction\":[{\"@type\":\"ReadAction\",\"target\":[\"https:\/\/modernform.com.vn\/vi\/gioi-thieu\"]}]},{\"@type\":\"ImageObject\",\"inLanguage\":\"vi-VN\",\"@id\":\"https:\/\/modernform.com.vn\/vi\/gioi-thieu#primaryimage\",\"url\":\"https:\/\/modernform.com.vn\/wp-content\/uploads\/2021\/03\/1-1.jpg\",\"contentUrl\":\"https:\/\/modernform.com.vn\/wp-content\/uploads\/2021\/03\/1-1.jpg\",\"width\":1380,\"height\":504},{\"@type\":\"WebSite\",\"@id\":\"https:\/\/modernform.com.vn\/#website\",\"url\":\"https:\/\/modernform.com.vn\/\",\"name\":\"Modernform\",\"description\":\"M\u1ed9t trong nh\u1eefng C\u00f4ng ty \u0111\u1ee9ng \u0111\u1ea7u th\u1ecb tr\u01b0\u1eddng trong l\u0129nh v\u1ef1c thi\u1ebft k\u1ebf thi c\u00f4ng, cung c\u1ea5p v\u00e0 trang tr\u00ed n\u1ed9i th\u1ea5t\",\"publisher\":{\"@id\":\"https:\/\/modernform.com.vn\/#organization\"},\"potentialAction\":[{\"@type\":\"SearchAction\",\"target\":{\"@type\":\"EntryPoint\",\"urlTemplate\":\"https:\/\/modernform.com.vn\/?s={search_term_string}\"},\"query-input\":{\"@type\":\"PropertyValueSpecification\",\"valueRequired\":true,\"valueName\":\"search_term_string\"}}],\"inLanguage\":\"vi-VN\"},{\"@type\":\"Organization\",\"@id\":\"https:\/\/modernform.com.vn\/#organization\",\"name\":\"Modernform\",\"url\":\"https:\/\/modernform.com.vn\/\",\"logo\":{\"@type\":\"ImageObject\",\"inLanguage\":\"vi-VN\",\"@id\":\"https:\/\/modernform.com.vn\/#\/schema\/logo\/image\/\",\"url\":\"https:\/\/modernform.com.vn\/wp-content\/uploads\/2025\/04\/cropped-LOGO-MF.png\",\"contentUrl\":\"https:\/\/modernform.com.vn\/wp-content\/uploads\/2025\/04\/cropped-LOGO-MF.png\",\"width\":197,\"height\":111,\"caption\":\"Modernform\"},\"image\":{\"@id\":\"https:\/\/modernform.com.vn\/#\/schema\/logo\/image\/\"}}]}<\/script>","yoast_head_json":{"title":"Gi\u1edbi thi\u1ec7u - ModernForm","description":"T\u1ea1i Modernform, ch\u00fang t\u00f4i coi thi\u1ebft k\u1ebf n\u1ed9i th\u1ea5t l\u00e0 m\u1ed9t ngh\u1ec7 thu\u1eadt k\u1ec3 chuy\u1ec7n, n\u01a1i m\u1ed7i chi ti\u1ebft v\u00e0 y\u1ebfu t\u1ed1 kh\u00f4ng gian \u0111\u1ec1u mang \u00fd ngh\u0129a ri\u00eang. S\u1ee9 m\u1ec7nh c\u1ee7a","robots":{"index":"index","follow":"follow","max-snippet":"max-snippet:-1","max-image-preview":"max-image-preview:large","max-video-preview":"max-video-preview:-1"},"canonical":"https:\/\/modernform.com.vn\/vi\/gioi-thieu","og_locale":"vi_VN","og_type":"article","og_title":"Gi\u1edbi thi\u1ec7u - ModernForm","og_description":"T\u1ea1i Modernform, ch\u00fang t\u00f4i coi thi\u1ebft k\u1ebf n\u1ed9i th\u1ea5t l\u00e0 m\u1ed9t ngh\u1ec7 thu\u1eadt k\u1ec3 chuy\u1ec7n, n\u01a1i m\u1ed7i chi ti\u1ebft v\u00e0 y\u1ebfu t\u1ed1 kh\u00f4ng gian \u0111\u1ec1u mang \u00fd ngh\u0129a ri\u00eang. S\u1ee9 m\u1ec7nh c\u1ee7a","og_url":"https:\/\/modernform.com.vn\/vi\/gioi-thieu","og_site_name":"ModernForm","article_modified_time":"2025-06-17T16:11:08+00:00","og_image":[{"width":1380,"height":504,"url":"https:\/\/modernform.com.vn\/wp-content\/uploads\/2021\/03\/1-1.jpg","type":"image\/jpeg"}],"twitter_card":"summary_large_image","twitter_misc":{"Est. reading time":"1 minute"},"schema":{"@context":"https:\/\/schema.org","@graph":[{"@type":"WebPage","@id":"https:\/\/modernform.com.vn\/vi\/gioi-thieu","url":"https:\/\/modernform.com.vn\/vi\/gioi-thieu","name":"Gi\u1edbi thi\u1ec7u - ModernForm","isPartOf":{"@id":"https:\/\/modernform.com.vn\/#website"},"primaryImageOfPage":{"@id":"https:\/\/modernform.com.vn\/vi\/gioi-thieu#primaryimage"},"image":{"@id":"https:\/\/modernform.com.vn\/vi\/gioi-thieu#primaryimage"},"thumbnailUrl":"https:\/\/modernform.com.vn\/wp-content\/uploads\/2021\/03\/1-1.jpg","datePublished":"2020-10-21T08:38:54+00:00","dateModified":"2025-06-17T16:11:08+00:00","description":"T\u1ea1i Modernform, ch\u00fang t\u00f4i coi thi\u1ebft k\u1ebf n\u1ed9i th\u1ea5t l\u00e0 m\u1ed9t ngh\u1ec7 thu\u1eadt k\u1ec3 chuy\u1ec7n, n\u01a1i m\u1ed7i chi ti\u1ebft v\u00e0 y\u1ebfu t\u1ed1 kh\u00f4ng gian \u0111\u1ec1u mang \u00fd ngh\u0129a ri\u00eang. S\u1ee9 m\u1ec7nh c\u1ee7a","inLanguage":"vi-VN","potentialAction":[{"@type":"ReadAction","target":["https:\/\/modernform.com.vn\/vi\/gioi-thieu"]}]},{"@type":"ImageObject","inLanguage":"vi-VN","@id":"https:\/\/modernform.com.vn\/vi\/gioi-thieu#primaryimage","url":"https:\/\/modernform.com.vn\/wp-content\/uploads\/2021\/03\/1-1.jpg","contentUrl":"https:\/\/modernform.com.vn\/wp-content\/uploads\/2021\/03\/1-1.jpg","width":1380,"height":504},{"@type":"WebSite","@id":"https:\/\/modernform.com.vn\/#website","url":"https:\/\/modernform.com.vn\/","name":"Modernform","description":"M\u1ed9t trong nh\u1eefng C\u00f4ng ty \u0111\u1ee9ng \u0111\u1ea7u th\u1ecb tr\u01b0\u1eddng trong l\u0129nh v\u1ef1c thi\u1ebft k\u1ebf thi c\u00f4ng, cung c\u1ea5p v\u00e0 trang tr\u00ed n\u1ed9i th\u1ea5t","publisher":{"@id":"https:\/\/modernform.com.vn\/#organization"},"potentialAction":[{"@type":"SearchAction","target":{"@type":"EntryPoint","urlTemplate":"https:\/\/modernform.com.vn\/?s={search_term_string}"},"query-input":{"@type":"PropertyValueSpecification","valueRequired":true,"valueName":"search_term_string"}}],"inLanguage":"vi-VN"},{"@type":"Organization","@id":"https:\/\/modernform.com.vn\/#organization","name":"Modernform","url":"https:\/\/modernform.com.vn\/","logo":{"@type":"ImageObject","inLanguage":"vi-VN","@id":"https:\/\/modernform.com.vn\/#\/schema\/logo\/image\/","url":"https:\/\/modernform.com.vn\/wp-content\/uploads\/2025\/04\/cropped-LOGO-MF.png","contentUrl":"https:\/\/modernform.com.vn\/wp-content\/uploads\/2025\/04\/cropped-LOGO-MF.png","width":197,"height":111,"caption":"Modernform"},"image":{"@id":"https:\/\/modernform.com.vn\/#\/schema\/logo\/image\/"}}]}},"_links":{"self":[{"href":"https:\/\/modernform.com.vn\/vi\/wp-json\/wp\/v2\/pages\/83","targetHints":{"allow":["GET"]}}],"collection":[{"href":"https:\/\/modernform.com.vn\/vi\/wp-json\/wp\/v2\/pages"}],"about":[{"href":"https:\/\/modernform.com.vn\/vi\/wp-json\/wp\/v2\/types\/page"}],"author":[{"embeddable":true,"href":"https:\/\/modernform.com.vn\/vi\/wp-json\/wp\/v2\/users\/4"}],"replies":[{"embeddable":true,"href":"https:\/\/modernform.com.vn\/vi\/wp-json\/wp\/v2\/comments?post=83"}],"version-history":[{"count":37,"href":"https:\/\/modernform.com.vn\/vi\/wp-json\/wp\/v2\/pages\/83\/revisions"}],"predecessor-version":[{"id":2109,"href":"https:\/\/modernform.com.vn\/vi\/wp-json\/wp\/v2\/pages\/83\/revisions\/2109"}],"wp:featuredmedia":[{"embeddable":true,"href":"https:\/\/modernform.com.vn\/vi\/wp-json\/wp\/v2\/media\/765"}],"wp:attachment":[{"href":"https:\/\/modernform.com.vn\/vi\/wp-json\/wp\/v2\/media?parent=83"}],"curies":[{"name":"wp","href":"https:\/\/api.w.org\/{rel}","templated":true}]}}